{"id":2,"date":"2024-06-18T11:56:38","date_gmt":"2024-06-18T09:56:38","guid":{"rendered":"https:\/\/ce-drivers.com\/www\/?page_id=2"},"modified":"2025-12-29T14:31:42","modified_gmt":"2025-12-29T13:31:42","slug":"regulamin","status":"publish","type":"page","link":"https:\/\/ce-drivers.com\/pl\/regulamin\/","title":{"rendered":"Regulamin"},"content":{"rendered":"\t\t<div data-elementor-type=\"wp-page\" data-elementor-id=\"2\" class=\"elementor elementor-2\" data-elementor-post-type=\"page\">\n\t\t\t\t<div class=\"elementor-element elementor-element-fba8dd5 e-flex e-con-boxed e-con e-parent\" data-id=\"fba8dd5\" data-element_type=\"container\" data-e-type=\"container\" data-settings=\"{&quot;background_background&quot;:&quot;classic&quot;}\">\n\t\t\t\t\t<div class=\"e-con-inner\">\n\t\t\t\t<div class=\"elementor-element elementor-element-58c82b0 elementor-widget elementor-widget-heading\" data-id=\"58c82b0\" data-element_type=\"widget\" data-e-type=\"widget\" data-widget_type=\"heading.default\">\n\t\t\t\t<div class=\"elementor-widget-container\">\n\t\t\t\t\t<h1 class=\"elementor-heading-title elementor-size-default\">Regulamin<\/h1>\t\t\t\t<\/div>\n\t\t\t\t<\/div>\n\t\t\t\t<div class=\"elementor-element elementor-element-fdb8fd8 elementor-fixed animated-slow elementor-hidden-mobile elementor-view-default elementor-invisible elementor-widget elementor-widget-icon\" data-id=\"fdb8fd8\" data-element_type=\"widget\" data-e-type=\"widget\" data-settings=\"{&quot;_position&quot;:&quot;fixed&quot;,&quot;_animation&quot;:&quot;fadeIn&quot;,&quot;_animation_delay&quot;:1800}\" data-widget_type=\"icon.default\">\n\t\t\t\t<div class=\"elementor-widget-container\">\n\t\t\t\t\t\t\t<div class=\"elementor-icon-wrapper\">\n\t\t\t<a class=\"elementor-icon elementor-animation-grow\" href=\"#elementor-action%3Aaction%3Dpopup%3Aopen%26settings%3DeyJpZCI6OSwidG9nZ2xlIjpmYWxzZX0%3D\">\n\t\t\t<svg xmlns=\"http:\/\/www.w3.org\/2000\/svg\" viewBox=\"0 0 70 70\"><path fill-rule=\"evenodd\" clip-rule=\"evenodd\" d=\"M27.862 29.5h14.786c.752 0 1.362.61 1.362 1.362v.361l-8.909 3.62-8.601-3.494v-.487c0-.752.61-1.362 1.362-1.362ZM26.5 32.968v7.17c0 .752.61 1.362 1.362 1.362h14.786c.752 0 1.362-.61 1.362-1.362v-7.296l-8.627 3.505-.282.115-.282-.115-8.319-3.38ZM25 30.862A2.862 2.862 0 0 1 27.862 28h14.786a2.862 2.862 0 0 1 2.862 2.862v9.276A2.862 2.862 0 0 1 42.648 43H27.862A2.862 2.862 0 0 1 25 40.138v-9.276Z\"><\/path><\/svg>\t\t\t<\/a>\n\t\t<\/div>\n\t\t\t\t\t\t<\/div>\n\t\t\t\t<\/div>\n\t\t\t\t\t<\/div>\n\t\t\t\t<\/div>\n\t\t<div class=\"elementor-element elementor-element-45b966f e-flex e-con-boxed e-con e-parent\" data-id=\"45b966f\" data-element_type=\"container\" data-e-type=\"container\" data-settings=\"{&quot;background_background&quot;:&quot;classic&quot;}\">\n\t\t\t\t\t<div class=\"e-con-inner\">\n\t\t<div class=\"elementor-element elementor-element-a88a37b e-con-full e-flex e-con e-child\" data-id=\"a88a37b\" data-element_type=\"container\" data-e-type=\"container\" data-settings=\"{&quot;motion_fx_motion_fx_scrolling&quot;:&quot;yes&quot;,&quot;motion_fx_translateY_effect&quot;:&quot;yes&quot;,&quot;motion_fx_translateY_direction&quot;:&quot;negative&quot;,&quot;motion_fx_translateY_speed&quot;:{&quot;unit&quot;:&quot;px&quot;,&quot;size&quot;:1,&quot;sizes&quot;:[]},&quot;motion_fx_translateY_affectedRange&quot;:{&quot;unit&quot;:&quot;%&quot;,&quot;size&quot;:&quot;&quot;,&quot;sizes&quot;:{&quot;start&quot;:0,&quot;end&quot;:100}},&quot;motion_fx_devices&quot;:[&quot;desktop&quot;,&quot;laptop&quot;,&quot;tablet&quot;,&quot;mobile&quot;]}\">\n\t\t\t\t<div class=\"elementor-element elementor-element-2862a38 text elementor-invisible elementor-widget elementor-widget-text-editor\" data-id=\"2862a38\" data-element_type=\"widget\" data-e-type=\"widget\" data-settings=\"{&quot;_animation&quot;:&quot;fadeIn&quot;,&quot;_animation_delay&quot;:200}\" data-widget_type=\"text-editor.default\">\n\t\t\t\t<div class=\"elementor-widget-container\">\n\t\t\t\t\t\t\t\t\t<p><strong>Regulamin \u015bwiadczenia us\u0142ug serwisu ce-drivers.com<\/strong><\/p>\n<p><strong>\u00a71 warunki og\u00f3lne<\/strong><\/p>\n<p>Internetowy serwis https:\/\/ce-drivers.com (\u201eUs\u0142ugodawca\u201d) prowadzony jest przez firm\u0119 O\u015brodek HR i Us\u0142ug Lingwistycznych<br>Ryszard Sobiechowski z siedzib\u0105 w Bydgoszczy, przy ul. Dworcowa 81, I pi\u0119tro (85-009 Bydgoszcz), NIP 5541018209, REGON 091224786.<br><span style=\"color: var( --e-global-color-text ); font-family: var( --e-global-typography-text-font-family ), Sans-serif; font-size: var( --e-global-typography-text-font-size ); font-style: var( --e-global-typography-text-font-style ); font-weight: var( --e-global-typography-text-font-weight ); letter-spacing: var( --e-global-typography-text-letter-spacing ); text-transform: var( --e-global-typography-text-text-transform ); word-spacing: var( --e-global-typography-text-word-spacing ); text-align: var(--text-align); background-color: var( --e-global-color-43e86c6 );\">Us\u0142ugobiorc\u0105 jest ka\u017cda osoba fizyczna, kt\u00f3ra korzysta z Serwisu w spos\u00f3b zgodny z postanowieniami niniejszego regulaminu w celu i w zakresie w nim wskazanych (\u201eUs\u0142ugobiorca\u201d).<\/span><\/p>\n<p><strong>\u00a72 Us\u0142ugi i P\u0142atno\u015bci<\/strong><\/p>\n<p>Us\u0142ugobiorca podpisuje z us\u0142ugodawc\u0105 indywidualn\u0105 umow\u0119, w kt\u00f3rej zawarte s\u0105 ustalenia dotycz\u0105ce p\u0142atno\u015bci oraz mo\u017cliwo\u015bci odst\u0105pienia od umowy.<br>Us\u0142ugobiorca p\u0142aci za zam\u00f3wion\u0105 us\u0142ug\u0119 na wskazane konto bankowe lub za pomoc\u0105 przes\u0142anego linka do p\u0142atno\u015bci.<br>Mo\u017ce wybra\u0107 nast\u0119puj\u0105ce formy p\u0142atno\u015bci: P\u0142atno\u015bci BLIK, karta p\u0142atnicza, przelew elektroniczny poprzez zewn\u0119trzny system p\u0142atno\u015bci imoje, obs\u0142ugiwany przez firm\u0119 ING Bank \u015al\u0105ski S.A. z siedzib\u0105 w Katowicach.<\/p>\n<p><strong>\u00a73 Przetwarzanie danych osobowych<\/strong><\/p>\n<p>Warunki przetwarzania przez Us\u0142ugodawc\u0119 danych osobowych Us\u0142ugobiorcy i zasady korzystania z plik\u00f3w cookies okre\u015bla polityka prywatno\u015bci dost\u0119pna pod adresem&nbsp;<a href=\"https:\/\/ce-drivers.com\/polityka-prywatnosci\/.\">https:\/\/ce-drivers.com\/polityka-prywatnosci\/.<\/a><\/p>\n<p><strong>\u00a74 Post\u0119powanie reklamacyjne<\/strong><\/p>\n<p>Wszelkie reklamacje dotycz\u0105ce korzystania serwisu nale\u017cy zg\u0142asza\u0107 na adres Us\u0142ugodawcy \u2013&nbsp;info@ce-drivers.com.<br>Reklamacja powinna zawiera\u0107: oznaczenie Us\u0142ugobiorcy, wskazanie i uzasadnienie nieprawid\u0142owo\u015bci b\u0119d\u0105cych podstaw\u0105 reklamacji, wskazanie zakresu \u017c\u0105dania Us\u0142ugobiorcy.<br>Rozpatrzenie reklamacji i odpowied\u017a nast\u0119puje w ci\u0105gu 14 dni od momentu poprawnego zg\u0142oszenia reklamacji przez Us\u0142ugobiorc\u0119.<\/p>\n<p><strong>\u00a75 Przepisy ko\u0144cowe<\/strong><\/p>\n<p>Regulamin wchodzi w \u017cycie od dnia 29.12.2025 r.<br>Us\u0142ugodawca mo\u017ce zmieni\u0107 Regulamin w ka\u017cdym czasie.<br>Regulamin publikowany jest ka\u017cdorazowo na stronie&nbsp;<a href=\"https:\/\/ce-drivers.com\/regulamin\">https:\/\/ce-drivers.com\/regulamin<\/a><\/p>\t\t\t\t\t\t\t\t<\/div>\n\t\t\t\t<\/div>\n\t\t\t\t<\/div>\n\t\t\t\t\t<\/div>\n\t\t\t\t<\/div>\n\t\t\t\t<\/div>\n\t\t","protected":false},"excerpt":{"rendered":"<p>Regulamin Regulamin \u015bwiadczenia us\u0142ug serwisu ce-drivers.com \u00a71 warunki og\u00f3lne Internetowy serwis https:\/\/ce-drivers.com (\u201eUs\u0142ugodawca\u201d) prowadzony jest przez firm\u0119 O\u015brodek HR i Us\u0142ug LingwistycznychRyszard Sobiechowski z siedzib\u0105 w Bydgoszczy, przy ul. Dworcowa 81, I pi\u0119tro (85-009 Bydgoszcz), NIP 5541018209, REGON 091224786.Us\u0142ugobiorc\u0105 jest ka\u017cda osoba fizyczna, kt\u00f3ra korzysta z Serwisu w spos\u00f3b zgodny z postanowieniami niniejszego regulaminu w [&hellip;]<\/p>\n","protected":false},"author":16,"featured_media":0,"parent":0,"menu_order":0,"comment_status":"closed","ping_status":"closed","template":"elementor_header_footer","meta":{"footnotes":""},"class_list":["post-2","page","type-page","status-publish","hentry"],"_links":{"self":[{"href":"https:\/\/ce-drivers.com\/pl\/wp-json\/wp\/v2\/pages\/2","targetHints":{"allow":["GET"]}}],"collection":[{"href":"https:\/\/ce-drivers.com\/pl\/wp-json\/wp\/v2\/pages"}],"about":[{"href":"https:\/\/ce-drivers.com\/pl\/wp-json\/wp\/v2\/types\/page"}],"author":[{"embeddable":true,"href":"https:\/\/ce-drivers.com\/pl\/wp-json\/wp\/v2\/users\/16"}],"replies":[{"embeddable":true,"href":"https:\/\/ce-drivers.com\/pl\/wp-json\/wp\/v2\/comments?post=2"}],"version-history":[{"count":0,"href":"https:\/\/ce-drivers.com\/pl\/wp-json\/wp\/v2\/pages\/2\/revisions"}],"wp:attachment":[{"href":"https:\/\/ce-drivers.com\/pl\/wp-json\/wp\/v2\/media?parent=2"}],"curies":[{"name":"wp","href":"https:\/\/api.w.org\/{rel}","templated":true}]}}