{"id":58,"date":"2024-06-18T12:25:31","date_gmt":"2024-06-18T10:25:31","guid":{"rendered":"https:\/\/ce-drivers.com\/www\/about\/"},"modified":"2026-01-05T22:36:48","modified_gmt":"2026-01-05T21:36:48","slug":"o-nas","status":"publish","type":"page","link":"https:\/\/ce-drivers.com\/pl\/o-nas\/","title":{"rendered":"O nas"},"content":{"rendered":"\t\t<div data-elementor-type=\"wp-page\" data-elementor-id=\"58\" class=\"elementor elementor-58\" data-elementor-post-type=\"page\">\n\t\t\t\t<div class=\"elementor-element elementor-element-1d4d8ec e-flex e-con-boxed e-con e-parent\" data-id=\"1d4d8ec\" data-element_type=\"container\" data-e-type=\"container\" data-settings=\"{&quot;background_background&quot;:&quot;classic&quot;}\">\n\t\t\t\t\t<div class=\"e-con-inner\">\n\t\t<div class=\"elementor-element elementor-element-796f8c7a e-con-full e-flex e-con e-child\" data-id=\"796f8c7a\" data-element_type=\"container\" data-e-type=\"container\">\n\t\t\t\t<div class=\"elementor-element elementor-element-19b14d5d elementor-invisible elementor-widget elementor-widget-heading\" data-id=\"19b14d5d\" data-element_type=\"widget\" data-e-type=\"widget\" data-settings=\"{&quot;_animation&quot;:&quot;fadeIn&quot;}\" data-widget_type=\"heading.default\">\n\t\t\t\t<div class=\"elementor-widget-container\">\n\t\t\t\t\t<h1 class=\"elementor-heading-title elementor-size-default\">O nas<\/h1>\t\t\t\t<\/div>\n\t\t\t\t<\/div>\n\t\t\t\t<\/div>\n\t\t<div class=\"elementor-element elementor-element-d81a5e e-con-full e-flex e-con e-child\" data-id=\"d81a5e\" data-element_type=\"container\" data-e-type=\"container\">\n\t\t\t\t<div class=\"elementor-element elementor-element-7df6938c elementor-invisible elementor-widget elementor-widget-heading\" data-id=\"7df6938c\" data-element_type=\"widget\" data-e-type=\"widget\" data-settings=\"{&quot;_animation&quot;:&quot;fadeIn&quot;,&quot;_animation_delay&quot;:300}\" data-widget_type=\"heading.default\">\n\t\t\t\t<div class=\"elementor-widget-container\">\n\t\t\t\t\t<h3 class=\"elementor-heading-title elementor-size-default\">Licencjonowana agencja<br><b> po\u015brednictwa pracy<\/b><\/h3>\t\t\t\t<\/div>\n\t\t\t\t<\/div>\n\t\t\t\t<div class=\"elementor-element elementor-element-5ec120e4 elementor-widget elementor-widget-text-editor\" data-id=\"5ec120e4\" data-element_type=\"widget\" data-e-type=\"widget\" data-widget_type=\"text-editor.default\">\n\t\t\t\t<div class=\"elementor-widget-container\">\n\t\t\t\t\t\t\t\t\t<p><span data-sheets-root=\"1\">O\u015brodek-HR jest od 1 marca 2004 roku &#8211; licencjonowan\u0105 agencj\u0105 po\u015brednictwa pracy.<\/span><span data-sheets-root=\"1\">&nbsp;<\/span><\/p>\n<p><span data-sheets-root=\"1\">Prowadzi rekrutacj\u0119 pracownik\u00f3w na <strong>kierowc\u00f3w<\/strong> posiadaj\u0105cych prawo jazdy kategorii <strong>C, CE, D<\/strong>.&nbsp;<\/span><\/p>\n<p>O\u015brodek-HR&nbsp; \u2013 agencj\u0105 po\u015brednictwa pracy z siedzib\u0105 w Polsce.<\/p>\n<p>O\u015brodek HR posiada licencj\u0119 Ministra Pracy i Polityki Spo\u0142ecznej nr. 525 <br>(rejestr agencji zatrudnienia <a href=\"https:\/\/stor.praca.gov.pl\/portal\/#\/kraz\" target=\"_blank\" rel=\"noopener\" style=\"font-family: Inter, sans-serif; font-size: 16px; font-style: normal; font-weight: 400; letter-spacing: -0.5px; text-transform: none; word-spacing: 0px; background-color: rgb(185, 206, 255);\">https:\/\/stor.praca.gov.pl\/portal\/#\/kraz<\/a>).&nbsp;<\/p>\n<p>Kandydaci, niezale\u017cnie od ich aktualnego adresu zamieszkania, kt\u00f3rzy aplikuj\u0105 za po\u015brednictwem strony internetowej O\u015brodka HR oraz poprzez link do aplikacji, akceptuj\u0105 polskie ustawodawstwo agencji zatrudnienia i podpisuj\u0105 umow\u0119 zgodnie z przepisami obowi\u0105zuj\u0105cymi w Polsce.<\/p>\t\t\t\t\t\t\t\t<\/div>\n\t\t\t\t<\/div>\n\t\t\t\t<\/div>\n\t\t\t\t\t<\/div>\n\t\t\t\t<\/div>\n\t\t\t\t<\/div>\n\t\t","protected":false},"excerpt":{"rendered":"<p>O nas Licencjonowana agencja po\u015brednictwa pracy O\u015brodek-HR jest od 1 marca 2004 roku &#8211; licencjonowan\u0105 agencj\u0105 po\u015brednictwa pracy.&nbsp; Prowadzi rekrutacj\u0119 pracownik\u00f3w na kierowc\u00f3w posiadaj\u0105cych prawo jazdy kategorii C, CE, D.&nbsp; O\u015brodek-HR&nbsp; \u2013 agencj\u0105 po\u015brednictwa pracy z siedzib\u0105 w Polsce. O\u015brodek HR posiada licencj\u0119 Ministra Pracy i Polityki Spo\u0142ecznej nr. 525 (rejestr agencji zatrudnienia https:\/\/stor.praca.gov.pl\/portal\/#\/kraz).&nbsp; Kandydaci, [&hellip;]<\/p>\n","protected":false},"author":16,"featured_media":0,"parent":0,"menu_order":0,"comment_status":"closed","ping_status":"closed","template":"elementor_header_footer","meta":{"footnotes":""},"class_list":["post-58","page","type-page","status-publish","hentry"],"_links":{"self":[{"href":"https:\/\/ce-drivers.com\/pl\/wp-json\/wp\/v2\/pages\/58","targetHints":{"allow":["GET"]}}],"collection":[{"href":"https:\/\/ce-drivers.com\/pl\/wp-json\/wp\/v2\/pages"}],"about":[{"href":"https:\/\/ce-drivers.com\/pl\/wp-json\/wp\/v2\/types\/page"}],"author":[{"embeddable":true,"href":"https:\/\/ce-drivers.com\/pl\/wp-json\/wp\/v2\/users\/16"}],"replies":[{"embeddable":true,"href":"https:\/\/ce-drivers.com\/pl\/wp-json\/wp\/v2\/comments?post=58"}],"version-history":[{"count":18,"href":"https:\/\/ce-drivers.com\/pl\/wp-json\/wp\/v2\/pages\/58\/revisions"}],"predecessor-version":[{"id":988,"href":"https:\/\/ce-drivers.com\/pl\/wp-json\/wp\/v2\/pages\/58\/revisions\/988"}],"wp:attachment":[{"href":"https:\/\/ce-drivers.com\/pl\/wp-json\/wp\/v2\/media?parent=58"}],"curies":[{"name":"wp","href":"https:\/\/api.w.org\/{rel}","templated":true}]}}