{"id":79,"date":"2024-06-18T12:25:36","date_gmt":"2024-06-18T10:25:36","guid":{"rendered":"https:\/\/ce-drivers.com\/www\/home\/"},"modified":"2026-01-06T00:36:44","modified_gmt":"2026-01-05T23:36:44","slug":"home","status":"publish","type":"page","link":"https:\/\/ce-drivers.com\/pl\/","title":{"rendered":"Home"},"content":{"rendered":"\t\t<div data-elementor-type=\"wp-page\" data-elementor-id=\"79\" class=\"elementor elementor-79\" data-elementor-post-type=\"page\">\n\t\t\t\t<div class=\"elementor-element elementor-element-68084794 e-con-full e-flex e-con e-parent\" data-id=\"68084794\" data-element_type=\"container\" data-e-type=\"container\" data-settings=\"{&quot;background_background&quot;:&quot;classic&quot;}\">\n\t\t<div class=\"elementor-element elementor-element-551c8334 e-flex e-con-boxed e-con e-child\" data-id=\"551c8334\" data-element_type=\"container\" data-e-type=\"container\">\n\t\t\t\t\t<div class=\"e-con-inner\">\n\t\t\t\t<div class=\"elementor-element elementor-element-256e6d40 elementor-widget__width-initial elementor-widget-laptop__width-initial elementor-invisible elementor-widget elementor-widget-heading\" data-id=\"256e6d40\" data-element_type=\"widget\" data-e-type=\"widget\" data-settings=\"{&quot;_animation&quot;:&quot;fadeIn&quot;}\" data-widget_type=\"heading.default\">\n\t\t\t\t<div class=\"elementor-widget-container\">\n\t\t\t\t\t<h1 class=\"elementor-heading-title elementor-size-default\">\ud835\uddde\ud835\uddf6\ud835\uddf2\ud835\uddff\ud835\uddfc\ud835\ude04\ud835\uddf0\ud835\uddee \ud835\uddf8\ud835\uddee\ud835\ude01. \ud835\uddd6+\ud835\uddd8<\/h1>\t\t\t\t<\/div>\n\t\t\t\t<\/div>\n\t\t\t\t\t<\/div>\n\t\t\t\t<\/div>\n\t\t<div class=\"elementor-element elementor-element-16ed3747 animated-fast e-flex e-con-boxed elementor-invisible e-con e-child\" data-id=\"16ed3747\" data-element_type=\"container\" data-e-type=\"container\" data-settings=\"{&quot;background_background&quot;:&quot;classic&quot;,&quot;animation&quot;:&quot;slideInUp&quot;,&quot;animation_delay&quot;:600}\">\n\t\t\t\t\t<div class=\"e-con-inner\">\n\t\t<div class=\"elementor-element elementor-element-6cd2d8d5 e-con-full e-flex e-con e-child\" data-id=\"6cd2d8d5\" data-element_type=\"container\" data-e-type=\"container\">\n\t\t\t\t<div class=\"elementor-element elementor-element-7ef1c8aa elementor-widget elementor-widget-text-editor\" data-id=\"7ef1c8aa\" data-element_type=\"widget\" data-e-type=\"widget\" data-settings=\"{&quot;_animation&quot;:&quot;none&quot;}\" data-widget_type=\"text-editor.default\">\n\t\t\t\t<div class=\"elementor-widget-container\">\n\t\t\t\t\t\t\t\t\t<h3>\ud835\uddea\ud835\uddee\ud835\uddff\ud835\ude02\ud835\uddfb\ud835\uddf8\ud835\uddf6 \ud835\uddfd\ud835\uddff\ud835\uddee\ud835\uddf0\ud835\ude06 \ud835\uddf8\ud835\uddf6\ud835\uddf2\ud835\uddff\ud835\uddfc\ud835\ude04\ud835\uddf0\ud835\ude06:<\/h3>\n<div dir=\"auto\">5*24 godziny = blok 120 h \u2013 5 dni.<\/div>\n<div dir=\"auto\">Ilo\u015b\u0107 km w bloku:<\/div>\n<div dir=\"auto\">Podw\u00f3jna obsada &#8211; 3300 &#8211; 4000 km \u2013 (np. Niemcy, Czechy, Belgia, Holandia, W\u0142ochy)<\/div>\n<div dir=\"auto\">Pojedyncza obsada &#8211; 1800 &#8211; 2500 km \u2013 (np. Polska, Niemcy, Czechy)<\/div>\n<div dir=\"auto\">Blok mo\u017ce rozpocz\u0105\u0107 si\u0119 od niedzieli do \u015brody i trwa 120 h.<\/div>\n<div dir=\"auto\">Po 120 h bloku minimum 45 h przerwy \u2013 cz\u0119sto 52 h.<\/div>\n<div dir=\"auto\">Trasy &#8211; g\u0142ownie autostrady (zgodnie z wyznaczon\u0105 tras\u0105 w nawigacji) \u2013 kraje UE<\/div>\n<div dir=\"auto\">Du\u017co jazdy noc\u0105.<\/div>\n<div dir=\"auto\">Kierowca nie \u0142aduje i nie zabezpiecza towaru \u2013 naczepy Amazon.<\/div><div dir=\"auto\"><br><\/div>\t\t\t\t\t\t\t\t<\/div>\n\t\t\t\t<\/div>\n\t\t\t\t<div class=\"elementor-element elementor-element-25505f56 elementor-align-justify elementor-widget__width-initial elementor-widget elementor-widget-button\" data-id=\"25505f56\" data-element_type=\"widget\" data-e-type=\"widget\" data-widget_type=\"button.default\">\n\t\t\t\t<div class=\"elementor-widget-container\">\n\t\t\t\t\t\t\t\t\t<div class=\"elementor-button-wrapper\">\n\t\t\t\t\t<a class=\"elementor-button elementor-button-link elementor-size-sm\" href=\"https:\/\/ce-drivers.com\/pl\/o-nas\/\">\n\t\t\t\t\t\t<span class=\"elementor-button-content-wrapper\">\n\t\t\t\t\t\t\t\t\t<span class=\"elementor-button-text\">Poznaj nas<\/span>\n\t\t\t\t\t<\/span>\n\t\t\t\t\t<\/a>\n\t\t\t\t<\/div>\n\t\t\t\t\t\t\t\t<\/div>\n\t\t\t\t<\/div>\n\t\t\t\t<\/div>\n\t\t\t\t<div class=\"elementor-element elementor-element-2e600ee9 elementor-widget-mobile__width-initial elementor-absolute elementor-widget__width-initial elementor-hidden-mobile elementor-invisible elementor-widget elementor-widget-image\" data-id=\"2e600ee9\" data-element_type=\"widget\" data-e-type=\"widget\" data-settings=\"{&quot;_animation&quot;:&quot;slideInRight&quot;,&quot;_position&quot;:&quot;absolute&quot;}\" data-widget_type=\"image.default\">\n\t\t\t\t<div class=\"elementor-widget-container\">\n\t\t\t\t\t\t\t\t\t\t\t\t\t\t\t<img fetchpriority=\"high\" decoding=\"async\" width=\"640\" height=\"427\" src=\"https:\/\/ce-drivers.com\/wp-content\/uploads\/2025\/12\/600458203_122097064263176586_1745783670708711309_n-1024x683.png\" class=\"attachment-large size-large wp-image-724\" alt=\"\" srcset=\"https:\/\/ce-drivers.com\/wp-content\/uploads\/2025\/12\/600458203_122097064263176586_1745783670708711309_n-1024x683.png 1024w, https:\/\/ce-drivers.com\/wp-content\/uploads\/2025\/12\/600458203_122097064263176586_1745783670708711309_n-300x200.png 300w, https:\/\/ce-drivers.com\/wp-content\/uploads\/2025\/12\/600458203_122097064263176586_1745783670708711309_n-768x512.png 768w, https:\/\/ce-drivers.com\/wp-content\/uploads\/2025\/12\/600458203_122097064263176586_1745783670708711309_n-18x12.png 18w, https:\/\/ce-drivers.com\/wp-content\/uploads\/2025\/12\/600458203_122097064263176586_1745783670708711309_n-600x400.png 600w, https:\/\/ce-drivers.com\/wp-content\/uploads\/2025\/12\/600458203_122097064263176586_1745783670708711309_n.png 1536w\" sizes=\"(max-width: 640px) 100vw, 640px\" \/>\t\t\t\t\t\t\t\t\t\t\t\t\t\t\t<\/div>\n\t\t\t\t<\/div>\n\t\t\t\t\t<\/div>\n\t\t\t\t<\/div>\n\t\t\t\t<\/div>\n\t\t<div class=\"elementor-element elementor-element-29b1b034 e-flex e-con-boxed e-con e-parent\" data-id=\"29b1b034\" data-element_type=\"container\" data-e-type=\"container\" data-settings=\"{&quot;background_background&quot;:&quot;classic&quot;}\">\n\t\t\t\t\t<div class=\"e-con-inner\">\n\t\t<div class=\"elementor-element elementor-element-823b844 e-con-full e-flex e-con e-child\" data-id=\"823b844\" data-element_type=\"container\" data-e-type=\"container\" data-settings=\"{&quot;background_background&quot;:&quot;classic&quot;}\">\n\t\t\t\t<\/div>\n\t\t<div class=\"elementor-element elementor-element-6b19d233 e-con-full e-flex e-con e-child\" data-id=\"6b19d233\" data-element_type=\"container\" data-e-type=\"container\" data-settings=\"{&quot;motion_fx_motion_fx_scrolling&quot;:&quot;yes&quot;,&quot;motion_fx_translateY_effect&quot;:&quot;yes&quot;,&quot;motion_fx_translateY_direction&quot;:&quot;negative&quot;,&quot;motion_fx_translateY_speed&quot;:{&quot;unit&quot;:&quot;px&quot;,&quot;size&quot;:1,&quot;sizes&quot;:[]},&quot;motion_fx_translateY_affectedRange&quot;:{&quot;unit&quot;:&quot;%&quot;,&quot;size&quot;:&quot;&quot;,&quot;sizes&quot;:{&quot;start&quot;:0,&quot;end&quot;:100}},&quot;motion_fx_devices&quot;:[&quot;desktop&quot;,&quot;laptop&quot;,&quot;tablet&quot;,&quot;mobile&quot;]}\">\n\t\t\t\t<div class=\"elementor-element elementor-element-691e601d elementor-widget__width-initial elementor-invisible elementor-widget elementor-widget-heading\" data-id=\"691e601d\" data-element_type=\"widget\" data-e-type=\"widget\" data-settings=\"{&quot;_animation&quot;:&quot;fadeIn&quot;}\" data-widget_type=\"heading.default\">\n\t\t\t\t<div class=\"elementor-widget-container\">\n\t\t\t\t\t<h2 class=\"elementor-heading-title elementor-size-default\">\ud835\uddea\ud835\ude06\ud835\uddfa\ud835\uddee\ud835\uddf4\ud835\uddee\ud835\uddfb\ud835\uddf6\ud835\uddee \ud835\uddf1\ud835\uddfc\ud835\uddf1\ud835\uddee\ud835\ude01\ud835\uddf8\ud835\uddfc\ud835\ude04\ud835\uddf2:<\/h2>\t\t\t\t<\/div>\n\t\t\t\t<\/div>\n\t\t\t\t<div class=\"elementor-element elementor-element-3399b456 text elementor-invisible elementor-widget elementor-widget-text-editor\" data-id=\"3399b456\" data-element_type=\"widget\" data-e-type=\"widget\" data-settings=\"{&quot;_animation&quot;:&quot;fadeIn&quot;,&quot;_animation_delay&quot;:200}\" data-widget_type=\"text-editor.default\">\n\t\t\t\t<div class=\"elementor-widget-container\">\n\t\t\t\t\t\t\t\t\t<div class=\"x14z9mp xat24cr x1lziwak x1vvkbs xtlvy1s x126k92a\"><div dir=\"auto\">Kierowca musi sprawnie odpina\u0107 i podpina\u0107 naczep\u0119.<\/div><\/div><div class=\"x14z9mp xat24cr x1lziwak x1vvkbs xtlvy1s x126k92a\"><div dir=\"auto\">Kierowca zawsze zaczyna tras\u0119 w Polsce w jednym z miast:<\/div><ul><li dir=\"auto\">Szczecin Ko\u0142baskowo<\/li><li dir=\"auto\">Pozna\u0144<\/li><li dir=\"auto\">\u015awiebodzin<\/li><li dir=\"auto\">Wroc\u0142aw<\/li><li dir=\"auto\">Legnica<\/li><\/ul><div dir=\"auto\">Mo\u017cliwo\u015b\u0107 rozpocz\u0119cia pracy w miastach<\/div><div dir=\"auto\">(na \u017cyczenie kierowcy):<\/div><ul><li dir=\"auto\">Brno<\/li><li dir=\"auto\">Pilzno<\/li><li dir=\"auto\">Praga<\/li><\/ul><\/div><div class=\"x14z9mp xat24cr x1lziwak x1vvkbs xtlvy1s x126k92a\"><div dir=\"auto\">Urlopy \u2013 planowanie min. z 3 m-c wyprzedzeniem.<\/div><div dir=\"auto\">Lipiec &#8211; brak urlop\u00f3w.<\/div><\/div>\t\t\t\t\t\t\t\t<\/div>\n\t\t\t\t<\/div>\n\t\t\t\t<\/div>\n\t\t\t\t\t<\/div>\n\t\t\t\t<\/div>\n\t\t<div class=\"elementor-element elementor-element-7efbf4cf e-con-full e-flex e-con e-parent\" data-id=\"7efbf4cf\" data-element_type=\"container\" data-e-type=\"container\" data-settings=\"{&quot;background_background&quot;:&quot;classic&quot;}\">\n\t\t<div class=\"elementor-element elementor-element-3a844a13 e-con-full e-flex e-con e-child\" data-id=\"3a844a13\" data-element_type=\"container\" data-e-type=\"container\">\n\t\t\t\t<div class=\"elementor-element elementor-element-4ee409f1 elementor-invisible elementor-widget elementor-widget-heading\" data-id=\"4ee409f1\" data-element_type=\"widget\" data-e-type=\"widget\" data-settings=\"{&quot;_animation&quot;:&quot;fadeIn&quot;}\" data-widget_type=\"heading.default\">\n\t\t\t\t<div class=\"elementor-widget-container\">\n\t\t\t\t\t<h2 class=\"elementor-heading-title elementor-size-default\">\ud835\udc16\ud835\udc32\ud835\udc27\ud835\udc1a\ud835\udc20\ud835\udc2b\ud835\udc28\ud835\udc1d\ud835\udc33\ud835\udc1e\ud835\udc27\ud835\udc22\ud835\udc1e:<\/h2>\t\t\t\t<\/div>\n\t\t\t\t<\/div>\n\t\t\t\t<div class=\"elementor-element elementor-element-5031bbd9 elementor-invisible elementor-widget elementor-widget-text-editor\" data-id=\"5031bbd9\" data-element_type=\"widget\" data-e-type=\"widget\" data-settings=\"{&quot;_animation&quot;:&quot;fadeIn&quot;,&quot;_animation_delay&quot;:300}\" data-widget_type=\"text-editor.default\">\n\t\t\t\t<div class=\"elementor-widget-container\">\n\t\t\t\t\t\t\t\t\t<div dir=\"auto\">Za ka\u017cdy przepracowany blok 120 h \u2013 tydzie\u0144 \u2013 2250 z\u0142 netto<\/div><div dir=\"auto\">np. 20 dni roboczych \u2013 4 bloki &#8211; 9000 z\u0142 netto<\/div><div dir=\"auto\">np. 25 dni roboczych \u2013 5 blok\u00f3w \u2013 11250 z\u0142 netto<\/div><div dir=\"auto\">\u015brednio wynagrodzenie 9000 \u2013 11000 z\u0142 netto<\/div><div dir=\"auto\">\u00a0<\/div><div dir=\"auto\"><div dir=\"auto\"><b>Dodatkowo kierowca otrzymuje:<\/b><\/div><div dir=\"auto\">Kart\u0119 debetow\u0105 do konta na mandaty, awarie, op\u0142aty za autostrady np. Polska A2<\/div><div dir=\"auto\">Kart\u0119 paliwow\u0105<\/div><div dir=\"auto\">S\u0142u\u017cbowy telefon<\/div><div dir=\"auto\">Op\u0142aty drogowe i autostradowe rozliczane s\u0105 automatycznie za pomoc\u0105 E-BOX.<\/div><\/div>\t\t\t\t\t\t\t\t<\/div>\n\t\t\t\t<\/div>\n\t\t\t\t<div class=\"elementor-element elementor-element-30d6787c elementor-align-justify elementor-widget__width-initial elementor-invisible elementor-widget elementor-widget-button\" data-id=\"30d6787c\" data-element_type=\"widget\" data-e-type=\"widget\" data-settings=\"{&quot;_animation&quot;:&quot;fadeIn&quot;,&quot;_animation_delay&quot;:600}\" data-widget_type=\"button.default\">\n\t\t\t\t<div class=\"elementor-widget-container\">\n\t\t\t\t\t\t\t\t\t<div class=\"elementor-button-wrapper\">\n\t\t\t\t\t<a class=\"elementor-button elementor-button-link elementor-size-sm\" href=\"https:\/\/ce-drivers.com\/pl\/kontakt\/\">\n\t\t\t\t\t\t<span class=\"elementor-button-content-wrapper\">\n\t\t\t\t\t\t\t\t\t<span class=\"elementor-button-text\">Kontakt<\/span>\n\t\t\t\t\t<\/span>\n\t\t\t\t\t<\/a>\n\t\t\t\t<\/div>\n\t\t\t\t\t\t\t\t<\/div>\n\t\t\t\t<\/div>\n\t\t\t\t<\/div>\n\t\t<div class=\"elementor-element elementor-element-49e7e7f9 e-con-full e-flex e-con e-child\" data-id=\"49e7e7f9\" data-element_type=\"container\" data-e-type=\"container\" data-settings=\"{&quot;background_background&quot;:&quot;classic&quot;}\">\n\t\t\t\t<\/div>\n\t\t\t\t<\/div>\n\t\t<div class=\"elementor-element elementor-element-599e22e e-con-full e-flex e-con e-parent\" data-id=\"599e22e\" data-element_type=\"container\" data-e-type=\"container\" data-settings=\"{&quot;background_background&quot;:&quot;classic&quot;}\">\n\t\t<div class=\"elementor-element elementor-element-cb65b45 e-con-full e-flex e-con e-child\" data-id=\"cb65b45\" data-element_type=\"container\" data-e-type=\"container\" data-settings=\"{&quot;background_background&quot;:&quot;classic&quot;}\">\n\t\t\t\t<\/div>\n\t\t<div class=\"elementor-element elementor-element-30b17b9 e-con-full e-flex e-con e-child\" data-id=\"30b17b9\" data-element_type=\"container\" data-e-type=\"container\">\n\t\t\t\t<div class=\"elementor-element elementor-element-0c2ddac elementor-invisible elementor-widget elementor-widget-heading\" data-id=\"0c2ddac\" data-element_type=\"widget\" data-e-type=\"widget\" data-settings=\"{&quot;_animation&quot;:&quot;fadeIn&quot;}\" data-widget_type=\"heading.default\">\n\t\t\t\t<div class=\"elementor-widget-container\">\n\t\t\t\t\t<h2 class=\"elementor-heading-title elementor-size-default\">Dodatkowa informacja <\/h2>\t\t\t\t<\/div>\n\t\t\t\t<\/div>\n\t\t\t\t<div class=\"elementor-element elementor-element-94847d5 elementor-invisible elementor-widget elementor-widget-text-editor\" data-id=\"94847d5\" data-element_type=\"widget\" data-e-type=\"widget\" data-settings=\"{&quot;_animation&quot;:&quot;fadeIn&quot;,&quot;_animation_delay&quot;:300}\" data-widget_type=\"text-editor.default\">\n\t\t\t\t<div class=\"elementor-widget-container\">\n\t\t\t\t\t\t\t\t\t<div dir=\"auto\"><div class=\"x14z9mp xat24cr x1lziwak x1vvkbs xtlvy1s x126k92a\"><div dir=\"auto\"><b>Samochody:<\/b><\/div><div dir=\"auto\">VOLVO, DAF XG, MERCEDES ACTROS z kabin\u0105 MEGA<\/div><\/div><div class=\"x14z9mp xat24cr x1lziwak x1vvkbs xtlvy1s x126k92a\"><div dir=\"auto\"><b>Umowa<\/b> o prac\u0119 na czas okre\u015blony lub nieokre\u015blony (do uzgodnienia)<\/div><div dir=\"auto\">Zatrudnienie bezpo\u015brednio na Sp\u00f3\u0142k\u0119 transportow\u0105.<\/div><div dir=\"auto\">Urlop w pe\u0142ni p\u0142atny.<\/div><\/div><div dir=\"auto\"><b>Dokumenty niezb\u0119dne do zatrudnienia &#8211; aktualne:<\/b><\/div><div dir=\"auto\">&#8211; Prawo jazdy kategorii C+E<\/div><div dir=\"auto\">&#8211; \u015awiadectwo kwalifikacji \u2013 kod 95<\/div><div dir=\"auto\">&#8211; Kurs na przew\u00f3z rzeczy<\/div><div dir=\"auto\">&#8211; Karta kierowcy<\/div><div dir=\"auto\">&#8211; \u015awiadectwo o niekaralno\u015bci<\/div><\/div>\t\t\t\t\t\t\t\t<\/div>\n\t\t\t\t<\/div>\n\t\t\t\t<div class=\"elementor-element elementor-element-7283abd elementor-align-justify elementor-widget__width-initial elementor-invisible elementor-widget elementor-widget-button\" data-id=\"7283abd\" data-element_type=\"widget\" data-e-type=\"widget\" data-settings=\"{&quot;_animation&quot;:&quot;fadeIn&quot;,&quot;_animation_delay&quot;:600}\" data-widget_type=\"button.default\">\n\t\t\t\t<div class=\"elementor-widget-container\">\n\t\t\t\t\t\t\t\t\t<div class=\"elementor-button-wrapper\">\n\t\t\t\t\t<a class=\"elementor-button elementor-button-link elementor-size-sm\" href=\"https:\/\/ce-drivers.com\/pl\/kontakt\/\">\n\t\t\t\t\t\t<span class=\"elementor-button-content-wrapper\">\n\t\t\t\t\t\t\t\t\t<span class=\"elementor-button-text\">Kontakt<\/span>\n\t\t\t\t\t<\/span>\n\t\t\t\t\t<\/a>\n\t\t\t\t<\/div>\n\t\t\t\t\t\t\t\t<\/div>\n\t\t\t\t<\/div>\n\t\t\t\t<\/div>\n\t\t\t\t<\/div>\n\t\t\t\t<\/div>\n\t\t","protected":false},"excerpt":{"rendered":"<p>\ud835\uddde\ud835\uddf6\ud835\uddf2\ud835\uddff\ud835\uddfc\ud835\ude04\ud835\uddf0\ud835\uddee \ud835\uddf8\ud835\uddee\ud835\ude01. \ud835\uddd6+\ud835\uddd8 \ud835\uddea\ud835\uddee\ud835\uddff\ud835\ude02\ud835\uddfb\ud835\uddf8\ud835\uddf6 \ud835\uddfd\ud835\uddff\ud835\uddee\ud835\uddf0\ud835\ude06 \ud835\uddf8\ud835\uddf6\ud835\uddf2\ud835\uddff\ud835\uddfc\ud835\ude04\ud835\uddf0\ud835\ude06: 5*24 godziny = blok 120 h \u2013 5 dni. Ilo\u015b\u0107 km w bloku: Podw\u00f3jna obsada &#8211; 3300 &#8211; 4000 km \u2013 (np. Niemcy, Czechy, Belgia, Holandia, W\u0142ochy) Pojedyncza obsada &#8211; 1800 &#8211; 2500 km \u2013 (np. Polska, Niemcy, Czechy) Blok mo\u017ce rozpocz\u0105\u0107 si\u0119 od niedzieli do \u015brody i trwa [&hellip;]<\/p>\n","protected":false},"author":16,"featured_media":0,"parent":0,"menu_order":0,"comment_status":"closed","ping_status":"closed","template":"elementor_header_footer","meta":{"footnotes":""},"class_list":["post-79","page","type-page","status-publish","hentry"],"_links":{"self":[{"href":"https:\/\/ce-drivers.com\/pl\/wp-json\/wp\/v2\/pages\/79","targetHints":{"allow":["GET"]}}],"collection":[{"href":"https:\/\/ce-drivers.com\/pl\/wp-json\/wp\/v2\/pages"}],"about":[{"href":"https:\/\/ce-drivers.com\/pl\/wp-json\/wp\/v2\/types\/page"}],"author":[{"embeddable":true,"href":"https:\/\/ce-drivers.com\/pl\/wp-json\/wp\/v2\/users\/16"}],"replies":[{"embeddable":true,"href":"https:\/\/ce-drivers.com\/pl\/wp-json\/wp\/v2\/comments?post=79"}],"version-history":[{"count":129,"href":"https:\/\/ce-drivers.com\/pl\/wp-json\/wp\/v2\/pages\/79\/revisions"}],"predecessor-version":[{"id":1058,"href":"https:\/\/ce-drivers.com\/pl\/wp-json\/wp\/v2\/pages\/79\/revisions\/1058"}],"wp:attachment":[{"href":"https:\/\/ce-drivers.com\/pl\/wp-json\/wp\/v2\/media?parent=79"}],"curies":[{"name":"wp","href":"https:\/\/api.w.org\/{rel}","templated":true}]}}